{"id":68,"date":"2018-06-30T16:14:35","date_gmt":"2018-06-30T16:14:35","guid":{"rendered":"https:\/\/2018.lacaletta.ch\/?page_id=68"},"modified":"2019-02-08T09:29:06","modified_gmt":"2019-02-08T09:29:06","slug":"acceuil","status":"publish","type":"page","link":"https:\/\/www.lacaletta.ch\/fr\/","title":{"rendered":"BENVENUTI A LA CALETTA!"},"content":{"rendered":"<p><strong>\u00abLa Caletta\u00bb<\/strong> un joli nom bien mysterieux.<\/p>\n<p><strong>\u00abLa Caletta\u00bb<\/strong> en fran\u00e7ais, la \u00abpetite baie\u00bb, un oasis de douceur m\u00e9diterran\u00e9enne, nich\u00e9 au coeur du march\u00e9 de Muri pr\u00e8s de Berne.<\/p>\n<p>\u00c0 <strong>\u00abla Caletta\u00bb<\/strong>, tout le personnel vous soignera, assurera votre bien \u00eatre, afin que vous vous y sentiez \u00e0 l\u2019aise, et soyez toujours heureux d\u2019y revenir.<\/p>\n<p>Notre cuisine est un heureux m\u00e9lange de cuisines suisse, fran\u00e7ais et italienne. Nous ne cuisinons qu\u2019avec des produits frais du march\u00e9, des produits de qualit\u00e9. Nous desirons qu\u2019un service soigne vous invitez \u00e0 revenir chez nous pour les d\u00e9guster.<\/p>\n<p><strong>\u00abLa Caletta\u00bb<\/strong> un emplacement nouveau, une ambiance sous cesse rajeunie.<\/p>\n","protected":false},"excerpt":{"rendered":"<p>\u00abLa Caletta\u00bb un joli nom bien mysterieux. \u00abLa Caletta\u00bb en fran\u00e7ais, la \u00abpetite baie\u00bb, un oasis de douceur m\u00e9diterran\u00e9enne, nich\u00e9 au coeur du march\u00e9 de Muri pr\u00e8s de Berne. \u00c0 \u00abla Caletta\u00bb, tout le personnel vous soignera, assurera votre bien \u00eatre, afin que vous vous y sentiez \u00e0 l\u2019aise, et soyez toujours heureux d\u2019y revenir. &hellip; <\/p>\n<p class=\"link-more\"><a href=\"https:\/\/www.lacaletta.ch\/fr\/\" class=\"more-link\">Continuer la lecture<span class=\"screen-reader-text\"> de &laquo;&nbsp;BENVENUTI A LA CALETTA!&nbsp;&raquo;<\/span><\/a><\/p>\n","protected":false},"author":1,"featured_media":0,"parent":0,"menu_order":0,"comment_status":"closed","ping_status":"closed","template":"","meta":{"footnotes":""},"class_list":["post-68","page","type-page","status-publish","hentry"],"_links":{"self":[{"href":"https:\/\/www.lacaletta.ch\/fr\/wp-json\/wp\/v2\/pages\/68","targetHints":{"allow":["GET"]}}],"collection":[{"href":"https:\/\/www.lacaletta.ch\/fr\/wp-json\/wp\/v2\/pages"}],"about":[{"href":"https:\/\/www.lacaletta.ch\/fr\/wp-json\/wp\/v2\/types\/page"}],"author":[{"embeddable":true,"href":"https:\/\/www.lacaletta.ch\/fr\/wp-json\/wp\/v2\/users\/1"}],"replies":[{"embeddable":true,"href":"https:\/\/www.lacaletta.ch\/fr\/wp-json\/wp\/v2\/comments?post=68"}],"version-history":[{"count":2,"href":"https:\/\/www.lacaletta.ch\/fr\/wp-json\/wp\/v2\/pages\/68\/revisions"}],"predecessor-version":[{"id":73,"href":"https:\/\/www.lacaletta.ch\/fr\/wp-json\/wp\/v2\/pages\/68\/revisions\/73"}],"wp:attachment":[{"href":"https:\/\/www.lacaletta.ch\/fr\/wp-json\/wp\/v2\/media?parent=68"}],"curies":[{"name":"wp","href":"https:\/\/api.w.org\/{rel}","templated":true}]}}