{"id":84,"date":"2018-07-01T10:12:02","date_gmt":"2018-07-01T10:12:02","guid":{"rendered":"https:\/\/2018.lacaletta.ch\/?page_id=84"},"modified":"2018-08-26T13:17:30","modified_gmt":"2018-08-26T13:17:30","slug":"restaurant","status":"publish","type":"page","link":"https:\/\/www.lacaletta.ch\/fr\/restaurant\/","title":{"rendered":"Restaurant"},"content":{"rendered":"<h2>RESTAURANT<\/h2>\n<p>Change jour un dejeuner hors saison,<br \/>\nun d\u00e9jeuner intime ou un d\u00e9jeuner d\u2019affaires.<br \/>\nVous pouvez choisir \u00aba la carte\u00bb, ou suivre une des multiples propositions de notre personnel. Cela va du simple succ\u00e8s populaire comme les \u00abWienerschnitzel\u00bb, aux diff\u00e9rentes fa\u00e7ons d\u2019appr\u00eater le poisson de mer et sa sauce. Notre chef aime toujours \u00e0 renouveler ses plats.<\/p>\n<h2>BAR \/ CAF\u00c9 \/ RESTAURANT<\/h2>\n<p>Que ce soit au bar, dans notre restaurant ou sur la terrasse \u00e0 l\u2019abri des platanes, vous pouvez venir en famille ou avec es amis, le matin ou l\u2019apr\u00e8s midi, pour un espresso, un caf\u00e9 avec ou sans p\u00e2tisseries fines. A partir de 17 heures, nous servons l\u2019ap\u00e9ritif. Tout cela dans une ambiance parfaitement d\u2019\u00e9tendue.<\/p>\n<h2>FESTIVALS \/ BANQUETS<\/h2>\n<p>ou quelque enveniment que ce soit, avec des amis, des connaissances ou des relations commerciales.<br \/>\nNotre \u00e9quipe vous aidera pour le choix du menu, des mets frais et de qualit\u00e9.<\/p>\n","protected":false},"excerpt":{"rendered":"<p>RESTAURANT Change jour un dejeuner hors saison, un d\u00e9jeuner intime ou un d\u00e9jeuner d\u2019affaires. Vous pouvez choisir \u00aba la carte\u00bb, ou suivre une des multiples propositions de notre personnel. Cela va du simple succ\u00e8s populaire comme les \u00abWienerschnitzel\u00bb, aux diff\u00e9rentes fa\u00e7ons d\u2019appr\u00eater le poisson de mer et sa sauce. Notre chef aime toujours \u00e0 renouveler &hellip; <\/p>\n<p class=\"link-more\"><a href=\"https:\/\/www.lacaletta.ch\/fr\/restaurant\/\" class=\"more-link\">Continuer la lecture<span class=\"screen-reader-text\"> de &laquo;&nbsp;Restaurant&nbsp;&raquo;<\/span><\/a><\/p>\n","protected":false},"author":1,"featured_media":0,"parent":0,"menu_order":10,"comment_status":"closed","ping_status":"closed","template":"","meta":{"footnotes":""},"class_list":["post-84","page","type-page","status-publish","hentry"],"_links":{"self":[{"href":"https:\/\/www.lacaletta.ch\/fr\/wp-json\/wp\/v2\/pages\/84","targetHints":{"allow":["GET"]}}],"collection":[{"href":"https:\/\/www.lacaletta.ch\/fr\/wp-json\/wp\/v2\/pages"}],"about":[{"href":"https:\/\/www.lacaletta.ch\/fr\/wp-json\/wp\/v2\/types\/page"}],"author":[{"embeddable":true,"href":"https:\/\/www.lacaletta.ch\/fr\/wp-json\/wp\/v2\/users\/1"}],"replies":[{"embeddable":true,"href":"https:\/\/www.lacaletta.ch\/fr\/wp-json\/wp\/v2\/comments?post=84"}],"version-history":[{"count":2,"href":"https:\/\/www.lacaletta.ch\/fr\/wp-json\/wp\/v2\/pages\/84\/revisions"}],"predecessor-version":[{"id":748,"href":"https:\/\/www.lacaletta.ch\/fr\/wp-json\/wp\/v2\/pages\/84\/revisions\/748"}],"wp:attachment":[{"href":"https:\/\/www.lacaletta.ch\/fr\/wp-json\/wp\/v2\/media?parent=84"}],"curies":[{"name":"wp","href":"https:\/\/api.w.org\/{rel}","templated":true}]}}